{"id":2614,"date":"2024-06-19T10:34:18","date_gmt":"2024-06-19T10:34:18","guid":{"rendered":"https:\/\/photoboothaveiro.pt\/agd\/?page_id=2614"},"modified":"2025-05-13T17:01:13","modified_gmt":"2025-05-13T17:01:13","slug":"opinioes","status":"publish","type":"page","link":"https:\/\/photoboothaveiro.pt\/agd\/opinioes\/","title":{"rendered":"Opini\u00e3o"},"content":{"rendered":"<div class=\"shortcode-site-reviews-form\"><div class=\"glsr glsr-default\" id=\"mamrblhz\" data-from=\"shortcode\" data-shortcode=\"site_reviews_form\"><div class=\"glsr-form-wrap\">\n    <form class=\"glsr-form glsr-review-form\" method=\"post\" enctype=\"multipart\/form-data\">\n        <input type=\"hidden\" name=\"site-reviews[_action]\" value=\"submit-review\" \/>\n<input type=\"hidden\" name=\"site-reviews[_nonce]\" value=\"b31eaae454\" \/>\n<input type=\"hidden\" name=\"site-reviews[_post_id]\" value=\"2614\" \/>\n<input type=\"hidden\" name=\"site-reviews[_referer]\" value=\"\" \/>\n<input type=\"hidden\" name=\"site-reviews[assigned_posts]\" value=\"\" \/>\n<input type=\"hidden\" name=\"site-reviews[assigned_terms]\" value=\"\" \/>\n<input type=\"hidden\" name=\"site-reviews[assigned_users]\" value=\"\" \/>\n<input type=\"hidden\" name=\"site-reviews[excluded]\" value=\"\" \/>\n<input type=\"hidden\" name=\"site-reviews[form_id]\" value=\"mamrblhz\" \/>\n<input type=\"hidden\" name=\"site-reviews[form_signature]\" value=\"p2d7ztcfEVIusKPay6SP94PhqI-0fs6aB-vQbO6Kqq_Kl0QxsGUotfDWcRTgTayBdCsMSKQKTNjz5gvRfm6WSpMZCYreN1k0zcsZKWviLJXu0HiX_evAfis2olPMkqT0KmEhxYLWcDCyNuqu1pKsJ3fkmqS2cv0YePGuuT8fg1CEbfXbqb1yVKWCgs4T8G8KgRVGjmSJxWHDB7uRDQ-qg_YdFUhygwPAmR2B7ptmFKnxHF2cnEFup8oybMaX7w_ze48w9lBQuyFW_CJH9AMxhVWVkB_xaAf-PVoMz3PcXZfQv7fe73CUWWZ-5pfWo35-OdcKHTJ4I4-HPfOmQptbTBSZ3eeAdRFbsTtTD179XBMrQt6iTRbUQqXi2qYnov247Uxz4-00Q6vDjSQOr9XTjS683KvgyYzj1w9xWS6X6oJI0ONp4Nc\" \/>\n<input type=\"hidden\" name=\"site-reviews[terms_exist]\" value=\"1\" \/>\n<div class=\"glsr-field\" style=\"display:none;\"><label for=\"site-reviews-9171d617-mamrblhz\">A tua opini\u00e3o<\/label><input type=\"text\" class=\"glsr-input glsr-input-text\" id=\"site-reviews-9171d617-mamrblhz\" name=\"site-reviews[9171d617]\" value=\"\" \/><\/div>\n<div class=\"glsr-field glsr-field-rating glsr-required\" data-field=\"rating\" data-type=\"rating\">\n    <label class=\"glsr-label\" for=\"mamrblhz-rating\">\n    <span>A sua opini\u00e3o em geral<\/span>\n<\/label>\n    <select class=\"browser-default disable-select glsr-select no-wrap no_wrap\" id=\"mamrblhz-rating\" name=\"site-reviews[rating]\" required><option value=\"\">Select a Rating<\/option><option value=\"5\">5 Stars<\/option><option value=\"4\">4 Stars<\/option><option value=\"3\">3 Stars<\/option><option value=\"2\">2 Stars<\/option><option value=\"1\">1 Star<\/option><\/select>\n    <div class=\"glsr-field-error\"><\/div>\n<\/div>\n<div class=\"glsr-field glsr-field-text\" data-field=\"title\" data-type=\"text\">\n    <label class=\"glsr-label\" for=\"mamrblhz-title\">\n    <span>T\u00edtulo da tua opini\u00e3o<\/span>\n<\/label>\n    <input type=\"text\" class=\"glsr-input glsr-input-text\" id=\"mamrblhz-title\" name=\"site-reviews[title]\" placeholder=\"T\u00edtulo da tua opini\u00e3o\" value=\"\" \/>\n    <div class=\"glsr-field-error\"><\/div>\n<\/div>\n<div class=\"glsr-field glsr-field-textarea glsr-required\" data-field=\"content\" data-type=\"textarea\">\n    <label class=\"glsr-label\" for=\"mamrblhz-content\">\n    <span>A tua opini\u00e3o<\/span>\n<\/label>\n    <textarea class=\"glsr-textarea\" id=\"mamrblhz-content\" name=\"site-reviews[content]\" required placeholder=\"Escreve a tua opini\u00e3o\" rows=\"5\"><\/textarea>\n    <div class=\"glsr-field-error\"><\/div>\n<\/div>\n<div class=\"glsr-field glsr-field-text glsr-required\" data-field=\"name\" data-type=\"text\">\n    <label class=\"glsr-label\" for=\"mamrblhz-name\">\n    <span>O teu nome<\/span>\n<\/label>\n    <input type=\"text\" class=\"glsr-input glsr-input-text\" id=\"mamrblhz-name\" name=\"site-reviews[name]\" required placeholder=\"Diz-nos o teu nome\" value=\"\" \/>\n    <div class=\"glsr-field-error\"><\/div>\n<\/div>\n<div class=\"glsr-field glsr-field-email glsr-required\" data-field=\"email\" data-type=\"email\">\n    <label class=\"glsr-label\" for=\"mamrblhz-email\">\n    <span>O teu email<\/span>\n<\/label>\n    <input type=\"email\" class=\"glsr-input glsr-input-email\" id=\"mamrblhz-email\" name=\"site-reviews[email]\" required placeholder=\"Diz-nos o teu email\" value=\"\" \/>\n    <div class=\"glsr-field-error\"><\/div>\n<\/div>\n<div class=\"glsr-field glsr-field-choice glsr-required\" data-field=\"terms\" data-type=\"toggle\">\n    \n    <div class=\"glsr-field-subgroup\">\n        <span class=\"glsr-field-toggle\">\n    <span>\n        <span class=\"glsr-toggle\"><input type=\"checkbox\" class=\"glsr-input-toggle\" id=\"mamrblhz-terms-1\" name=\"site-reviews[terms]\" required value=\"1\" \/><span class=\"glsr-toggle-track\"><\/span><\/span>\n    <\/span>\n    <label for=\"mamrblhz-terms-1\">Esta opini\u00e3o \u00e9 baseada na minha pr\u00f3pria experi\u00eancia e \u00e9 a minha opini\u00e3o genu\u00edna.<\/label>\n<\/span>\n    <\/div>\n    <div class=\"glsr-field-error\"><\/div>\n<\/div>\n        <div class=\"glsr-form-message\">\n    \n<\/div>\n        <div data-field=\"submit-button\">\n    <div class=\"wp-block-buttons is-layout-flex\">\n        <div class=\"wp-block-button\">\n            <button type=\"submit\" class=\"glsr-button wp-block-button__link wp-element-button\" aria-busy=\"false\" data-loading=\"Submitting, please wait...\">Submeter opini\u00e3o<\/button>\n        <\/div>\n    <\/div>\n<\/div>\n    <\/form>\n<\/div><\/div><\/div>\n<p>&nbsp;<\/p>\n<p>&nbsp;<\/p>\n<div class=\"shortcode-site-reviews-summary\"><div class=\"glsr glsr-default\" id=\"glsr_xwpuj1w9\" data-from=\"shortcode\" data-shortcode=\"site_reviews_summary\"><div class=\"glsr-summary-wrap\">\n    <div class=\"glsr-summary\">\n        <div class=\"glsr-summary-rating\"><span class=\"glsr-tag-value\">5,0<\/span><\/div>\n        <div class=\"glsr-summary-stars\"><div class=\"glsr-star-rating glsr-stars\" role=\"img\" aria-label=\"Rated 5 out of 5 stars based on 19 ratings\" data-rating=\"5\" data-reviews=\"19\"><span class=\"glsr-star glsr-star-full\" aria-hidden=\"true\"><\/span><span class=\"glsr-star glsr-star-full\" aria-hidden=\"true\"><\/span><span class=\"glsr-star glsr-star-full\" aria-hidden=\"true\"><\/span><span class=\"glsr-star glsr-star-full\" aria-hidden=\"true\"><\/span><span class=\"glsr-star glsr-star-full\" aria-hidden=\"true\"><\/span><\/div><\/div>\n        <div class=\"glsr-summary-text\"><span class=\"glsr-tag-value\">5,0 de 5 estrelas (baseado em 19 opin\u00f5es)<\/span><\/div>\n        <div class=\"glsr-summary-percentages\"><div class=\"glsr-summary-bar\" data-level=\"5\"><span class=\"glsr-summary-bar-label\">Excelente<\/span><span class=\"glsr-summary-bar-background\" style=\"--glsr-bar-percent:100%;\"><\/span><span class=\"glsr-summary-bar-percent\" data-percent=\"100%\" data-reviews=\"19\"><\/span><\/div><div class=\"glsr-summary-bar\" data-level=\"4\"><span class=\"glsr-summary-bar-label\">Muito bom<\/span><span class=\"glsr-summary-bar-background\" style=\"--glsr-bar-percent:0%;\"><\/span><span class=\"glsr-summary-bar-percent\" data-percent=\"0%\" data-reviews=\"0\"><\/span><\/div><div class=\"glsr-summary-bar\" data-level=\"3\"><span class=\"glsr-summary-bar-label\">M\u00e9dio<\/span><span class=\"glsr-summary-bar-background\" style=\"--glsr-bar-percent:0%;\"><\/span><span class=\"glsr-summary-bar-percent\" data-percent=\"0%\" data-reviews=\"0\"><\/span><\/div><div class=\"glsr-summary-bar\" data-level=\"2\"><span class=\"glsr-summary-bar-label\">Mau<\/span><span class=\"glsr-summary-bar-background\" style=\"--glsr-bar-percent:0%;\"><\/span><span class=\"glsr-summary-bar-percent\" data-percent=\"0%\" data-reviews=\"0\"><\/span><\/div><div class=\"glsr-summary-bar\" data-level=\"1\"><span class=\"glsr-summary-bar-label\">Terr\u00edvel<\/span><span class=\"glsr-summary-bar-background\" style=\"--glsr-bar-percent:0%;\"><\/span><span class=\"glsr-summary-bar-percent\" data-percent=\"0%\" data-reviews=\"0\"><\/span><\/div><\/div>\n    <\/div>\n<\/div><\/div><\/div>\n<p>&nbsp;<\/p>\n<div class=\"shortcode-site-reviews\"><div class=\"glsr glsr-default\" id=\"mamrdjv6\" data-from=\"shortcode\" data-shortcode=\"site_reviews\" data-pagination=\"loadmore\"><div class=\"glsr-reviews-wrap\">\n    <div class=\"glsr-reviews\">\n        <div class=\"glsr-review\" data-id=\"6509\" data-type=\"local\" id=\"review-6509\" data-assigned='[]'>\n    <div class=\"glsr-review-title\"><h4 class=\"glsr-tag-value\">Jantar de Natal<\/h4><\/div>\n    <div class=\"glsr-review-rating\"><div class=\"glsr-star-rating glsr-stars\" role=\"img\" aria-label=\"Avaliado 5 de 5 estrelas\" data-rating=\"5\" data-reviews=\"0\"><span class=\"glsr-star glsr-star-full\" aria-hidden=\"true\"><\/span><span class=\"glsr-star glsr-star-full\" aria-hidden=\"true\"><\/span><span class=\"glsr-star glsr-star-full\" aria-hidden=\"true\"><\/span><span class=\"glsr-star glsr-star-full\" aria-hidden=\"true\"><\/span><span class=\"glsr-star glsr-star-full\" aria-hidden=\"true\"><\/span><\/div><\/div> <div class=\"glsr-review-date\"><span class=\"glsr-tag-value\">Dezembro 18, 2025<\/span><\/div>\n    \n    <div class=\"glsr-review-content\"><div class=\"glsr-tag-value\" data-expanded=\"false\"><p>Sempre dispon\u00edveis e com bom servi\u00e7o!<\/p><\/div><\/div>\n    \n    <div class=\"glsr-review-author\"><span class=\"glsr-tag-value\">T\u00e2nia Caldeira<\/span><\/div>  \n    \n<\/div>\n<div class=\"glsr-review\" data-id=\"6442\" data-type=\"local\" id=\"review-6442\" data-assigned='[]'>\n    <div class=\"glsr-review-title\"><h4 class=\"glsr-tag-value\">Servi\u00e7o excelente<\/h4><\/div>\n    <div class=\"glsr-review-rating\"><div class=\"glsr-star-rating glsr-stars\" role=\"img\" aria-label=\"Avaliado 5 de 5 estrelas\" data-rating=\"5\" data-reviews=\"0\"><span class=\"glsr-star glsr-star-full\" aria-hidden=\"true\"><\/span><span class=\"glsr-star glsr-star-full\" aria-hidden=\"true\"><\/span><span class=\"glsr-star glsr-star-full\" aria-hidden=\"true\"><\/span><span class=\"glsr-star glsr-star-full\" aria-hidden=\"true\"><\/span><span class=\"glsr-star glsr-star-full\" aria-hidden=\"true\"><\/span><\/div><\/div> <div class=\"glsr-review-date\"><span class=\"glsr-tag-value\">Dezembro 3, 2025<\/span><\/div>\n    \n    <div class=\"glsr-review-content\"><div class=\"glsr-tag-value\" data-expanded=\"false\"><p>Ficamos muito satisfeitos pela disponibilidade e servi\u00e7o prestado.<\/p>\n<p>Aconselhamos, sem d\u00favida!<\/p><\/div><\/div>\n    \n    <div class=\"glsr-review-author\"><span class=\"glsr-tag-value\">Patr\u00edcia Vieira<\/span><\/div>  \n    \n<\/div>\n<div class=\"glsr-review\" data-id=\"6224\" data-type=\"local\" id=\"review-6224\" data-assigned='[]'>\n    <div class=\"glsr-review-title\"><h4 class=\"glsr-tag-value\">Adoramos<\/h4><\/div>\n    <div class=\"glsr-review-rating\"><div class=\"glsr-star-rating glsr-stars\" role=\"img\" aria-label=\"Avaliado 5 de 5 estrelas\" data-rating=\"5\" data-reviews=\"0\"><span class=\"glsr-star glsr-star-full\" aria-hidden=\"true\"><\/span><span class=\"glsr-star glsr-star-full\" aria-hidden=\"true\"><\/span><span class=\"glsr-star glsr-star-full\" aria-hidden=\"true\"><\/span><span class=\"glsr-star glsr-star-full\" aria-hidden=\"true\"><\/span><span class=\"glsr-star glsr-star-full\" aria-hidden=\"true\"><\/span><\/div><\/div> <div class=\"glsr-review-date\"><span class=\"glsr-tag-value\">Outubro 13, 2025<\/span><\/div>\n    \n    <div class=\"glsr-review-content\"><div class=\"glsr-tag-value\" data-expanded=\"false\"><p>O rapszinho era muito querido e atencioso.<\/p>\n<p>Adoramos, muito obrigado pelo servi\u00e7o.<\/p><\/div><\/div>\n    \n    <div class=\"glsr-review-author\"><span class=\"glsr-tag-value\">Fatima Andre<\/span><\/div>  \n    \n<\/div>\n<div class=\"glsr-review\" data-id=\"5971\" data-type=\"local\" id=\"review-5971\" data-assigned='[]'>\n    <div class=\"glsr-review-title\"><h4 class=\"glsr-tag-value\">Para um dia incr\u00edvel<\/h4><\/div>\n    <div class=\"glsr-review-rating\"><div class=\"glsr-star-rating glsr-stars\" role=\"img\" aria-label=\"Avaliado 5 de 5 estrelas\" data-rating=\"5\" data-reviews=\"0\"><span class=\"glsr-star glsr-star-full\" aria-hidden=\"true\"><\/span><span class=\"glsr-star glsr-star-full\" aria-hidden=\"true\"><\/span><span class=\"glsr-star glsr-star-full\" aria-hidden=\"true\"><\/span><span class=\"glsr-star glsr-star-full\" aria-hidden=\"true\"><\/span><span class=\"glsr-star glsr-star-full\" aria-hidden=\"true\"><\/span><\/div><\/div> <div class=\"glsr-review-date\"><span class=\"glsr-tag-value\">Setembro 10, 2025<\/span><\/div>\n    \n    <div class=\"glsr-review-content\"><div class=\"glsr-tag-value\" data-expanded=\"false\"><p>Muito obrigado por ter feito parte do nosso grande dia! As fotos ficaram incr\u00edveis e foram uma recorda\u00e7\u00e3o divertida e especial para n\u00f3s e para os nossos convidados. Ador\u00e1mos a vossa dedica\u00e7\u00e3o e profissionalismo<\/p><\/div><\/div>\n    \n    <div class=\"glsr-review-author\"><span class=\"glsr-tag-value\">Andrea e anael<\/span><\/div>  \n    \n<\/div>\n<div class=\"glsr-review\" data-id=\"5643\" data-type=\"local\" id=\"review-5643\" data-assigned='[]'>\n    <div class=\"glsr-review-title\"><h4 class=\"glsr-tag-value\">Photobooth + Guest Audio Book<\/h4><\/div>\n    <div class=\"glsr-review-rating\"><div class=\"glsr-star-rating glsr-stars\" role=\"img\" aria-label=\"Avaliado 5 de 5 estrelas\" data-rating=\"5\" data-reviews=\"0\"><span class=\"glsr-star glsr-star-full\" aria-hidden=\"true\"><\/span><span class=\"glsr-star glsr-star-full\" aria-hidden=\"true\"><\/span><span class=\"glsr-star glsr-star-full\" aria-hidden=\"true\"><\/span><span class=\"glsr-star glsr-star-full\" aria-hidden=\"true\"><\/span><span class=\"glsr-star glsr-star-full\" aria-hidden=\"true\"><\/span><\/div><\/div> <div class=\"glsr-review-date\"><span class=\"glsr-tag-value\">Julho 14, 2025<\/span><\/div>\n    \n    <div class=\"glsr-review-content\"><div class=\"glsr-tag-value\" data-expanded=\"false\"><p>Gost\u00e1mos do servi\u00e7o de ClickBooth com o Photobooth e o Guest \u00c1udio Book. Divertido, f\u00e1cil de usar e com fotos de qualidade. O Guest Audio Book foi super emocionante e original.<\/p>\n<p>Um servi\u00e7o profissional, simp\u00e1tico e que fez toda a diferen\u00e7a no nosso evento.<\/p>\n<p>Recomendamos muito!<\/p><\/div><\/div>\n    \n    <div class=\"glsr-review-author\"><span class=\"glsr-tag-value\">Raphael Dominique<\/span><\/div>  \n    \n<\/div>\n    <\/div>\n    <div class=\"glsr-pagination glsr-ajax-loadmore\" data-class=\"glsr glsr-default\" data-id=\"mamrdjv6\" data-pagination=\"loadmore\"><div class=\"wp-block-buttons is-layout-flex\">\n    <div class=\"wp-block-button\">\n        <button type=\"button\" class=\"glsr-button-loadmore glsr-button wp-block-button__link wp-element-button\" \n            aria-label=\"A carregar mais opini\u00f5es\"\n            aria-busy=\"false\" \n            data-loading=\"A carregar, por favor espere...\" \n            data-page=\"2\"\n        >Carregar mais<\/button>\n    <\/div>\n<\/div><\/div>\n<\/div><\/div><\/div>\n<p>&nbsp;<\/p>\n<p>&nbsp;<\/p>\n","protected":false},"excerpt":{"rendered":"<p>&nbsp; &nbsp; &nbsp; &nbsp; &nbsp;<\/p>\n","protected":false},"author":1,"featured_media":0,"parent":0,"menu_order":0,"comment_status":"closed","ping_status":"closed","template":"","meta":{"ngg_post_thumbnail":0,"_glsr_average":0,"_glsr_ranking":0,"_glsr_reviews":0,"footnotes":""},"class_list":["post-2614","page","type-page","status-publish","czr-hentry"],"_links":{"self":[{"href":"https:\/\/photoboothaveiro.pt\/agd\/wp-json\/wp\/v2\/pages\/2614","targetHints":{"allow":["GET"]}}],"collection":[{"href":"https:\/\/photoboothaveiro.pt\/agd\/wp-json\/wp\/v2\/pages"}],"about":[{"href":"https:\/\/photoboothaveiro.pt\/agd\/wp-json\/wp\/v2\/types\/page"}],"author":[{"embeddable":true,"href":"https:\/\/photoboothaveiro.pt\/agd\/wp-json\/wp\/v2\/users\/1"}],"replies":[{"embeddable":true,"href":"https:\/\/photoboothaveiro.pt\/agd\/wp-json\/wp\/v2\/comments?post=2614"}],"version-history":[{"count":22,"href":"https:\/\/photoboothaveiro.pt\/agd\/wp-json\/wp\/v2\/pages\/2614\/revisions"}],"predecessor-version":[{"id":5046,"href":"https:\/\/photoboothaveiro.pt\/agd\/wp-json\/wp\/v2\/pages\/2614\/revisions\/5046"}],"wp:attachment":[{"href":"https:\/\/photoboothaveiro.pt\/agd\/wp-json\/wp\/v2\/media?parent=2614"}],"curies":[{"name":"wp","href":"https:\/\/api.w.org\/{rel}","templated":true}]}}