{"id":6696,"date":"2026-01-19T14:14:15","date_gmt":"2026-01-19T14:14:15","guid":{"rendered":"https:\/\/photoboothaveiro.pt\/agd\/?post_type=product&#038;p=6696"},"modified":"2026-04-30T12:12:33","modified_gmt":"2026-04-30T12:12:33","slug":"fumos-coloridos","status":"publish","type":"product","link":"https:\/\/photoboothaveiro.pt\/agd\/produto\/fumos-coloridos\/","title":{"rendered":"Fumos Coloridos"},"content":{"rendered":"","protected":false},"excerpt":{"rendered":"<p>Em m\u00e9dia: 1 minuto de dura\u00e7\u00e3o<\/p>\n","protected":false},"featured_media":6708,"comment_status":"open","ping_status":"closed","template":"","meta":{"ngg_post_thumbnail":0,"_glsr_average":0,"_glsr_ranking":0,"_glsr_reviews":0},"product_brand":[],"product_cat":[22],"product_tag":[],"class_list":{"0":"post-6696","1":"product","2":"type-product","3":"status-publish","4":"has-post-thumbnail","6":"product_cat-sparklers","8":"first","9":"instock","10":"sale","11":"shipping-taxable","12":"purchasable","13":"product-type-variable","14":"czr-hentry"},"_links":{"self":[{"href":"https:\/\/photoboothaveiro.pt\/agd\/wp-json\/wp\/v2\/product\/6696","targetHints":{"allow":["GET"]}}],"collection":[{"href":"https:\/\/photoboothaveiro.pt\/agd\/wp-json\/wp\/v2\/product"}],"about":[{"href":"https:\/\/photoboothaveiro.pt\/agd\/wp-json\/wp\/v2\/types\/product"}],"replies":[{"embeddable":true,"href":"https:\/\/photoboothaveiro.pt\/agd\/wp-json\/wp\/v2\/comments?post=6696"}],"wp:featuredmedia":[{"embeddable":true,"href":"https:\/\/photoboothaveiro.pt\/agd\/wp-json\/wp\/v2\/media\/6708"}],"wp:attachment":[{"href":"https:\/\/photoboothaveiro.pt\/agd\/wp-json\/wp\/v2\/media?parent=6696"}],"wp:term":[{"taxonomy":"product_brand","embeddable":true,"href":"https:\/\/photoboothaveiro.pt\/agd\/wp-json\/wp\/v2\/product_brand?post=6696"},{"taxonomy":"product_cat","embeddable":true,"href":"https:\/\/photoboothaveiro.pt\/agd\/wp-json\/wp\/v2\/product_cat?post=6696"},{"taxonomy":"product_tag","embeddable":true,"href":"https:\/\/photoboothaveiro.pt\/agd\/wp-json\/wp\/v2\/product_tag?post=6696"}],"curies":[{"name":"wp","href":"https:\/\/api.w.org\/{rel}","templated":true}]}}