{"id":6751,"date":"2026-01-23T15:10:06","date_gmt":"2026-01-23T15:10:06","guid":{"rendered":"https:\/\/photoboothaveiro.pt\/agd\/?post_type=product&#038;p=6751"},"modified":"2026-01-23T16:19:17","modified_gmt":"2026-01-23T16:19:17","slug":"photobooth","status":"publish","type":"product","link":"https:\/\/photoboothaveiro.pt\/agd\/produto\/photobooth\/","title":{"rendered":"Photobooth"},"content":{"rendered":"<p>Este cont\u00e9m:<br \/>\nImpress\u00e3o das fotografias no momento;<br \/>\nFotografias ilimitadas durante o evento;<br \/>\nLayout da fotografia personalizado de acordo com o monograma, convite ou tema do evento;<br \/>\nAdere\u00e7os para anima\u00e7\u00e3o das fotografias;<br \/>\nAcompanhamento profissional.<\/p>\n<p>&nbsp;<\/p>\n<p><a href=\"https:\/\/photoboothaveiro.pt\/agd\/photobooth\/\"><strong>+ Informa\u00e7\u00f5es<\/strong><\/a><\/p>\n","protected":false},"excerpt":{"rendered":"<p>Um servi\u00e7o de anima\u00e7\u00e3o fotogr\u00e1fica para casamentos, festas e eventos, que cria lembran\u00e7as personalizadas e materiais de divulga\u00e7\u00e3o, com fotografias impressas no momento e adaptadas a cada ocasi\u00e3o, no tamanho 10x15cm ou 5x15cm.<\/p>\n<p>&nbsp;<\/p>\n<p><strong>Para mais informa\u00e7\u00f5es entre em contacto (photoboothaveiro@gmail.com)<\/strong><\/p>\n<p><strong>Indique a data e local\/zona do evento.<\/strong><\/p>\n[contact-form-7 id=\"6dab3e9\" title=\"Formul\u00e1rio de contacto\"]\n","protected":false},"featured_media":6753,"comment_status":"open","ping_status":"closed","template":"","meta":{"ngg_post_thumbnail":0,"_glsr_average":0,"_glsr_ranking":0,"_glsr_reviews":0},"product_brand":[],"product_cat":[22],"product_tag":[],"class_list":{"0":"post-6751","1":"product","2":"type-product","3":"status-publish","4":"has-post-thumbnail","6":"product_cat-sparklers","8":"first","9":"instock","10":"shipping-taxable","11":"product-type-simple","12":"czr-hentry"},"_links":{"self":[{"href":"https:\/\/photoboothaveiro.pt\/agd\/wp-json\/wp\/v2\/product\/6751","targetHints":{"allow":["GET"]}}],"collection":[{"href":"https:\/\/photoboothaveiro.pt\/agd\/wp-json\/wp\/v2\/product"}],"about":[{"href":"https:\/\/photoboothaveiro.pt\/agd\/wp-json\/wp\/v2\/types\/product"}],"replies":[{"embeddable":true,"href":"https:\/\/photoboothaveiro.pt\/agd\/wp-json\/wp\/v2\/comments?post=6751"}],"wp:featuredmedia":[{"embeddable":true,"href":"https:\/\/photoboothaveiro.pt\/agd\/wp-json\/wp\/v2\/media\/6753"}],"wp:attachment":[{"href":"https:\/\/photoboothaveiro.pt\/agd\/wp-json\/wp\/v2\/media?parent=6751"}],"wp:term":[{"taxonomy":"product_brand","embeddable":true,"href":"https:\/\/photoboothaveiro.pt\/agd\/wp-json\/wp\/v2\/product_brand?post=6751"},{"taxonomy":"product_cat","embeddable":true,"href":"https:\/\/photoboothaveiro.pt\/agd\/wp-json\/wp\/v2\/product_cat?post=6751"},{"taxonomy":"product_tag","embeddable":true,"href":"https:\/\/photoboothaveiro.pt\/agd\/wp-json\/wp\/v2\/product_tag?post=6751"}],"curies":[{"name":"wp","href":"https:\/\/api.w.org\/{rel}","templated":true}]}}