{"id":6756,"date":"2026-01-23T16:10:07","date_gmt":"2026-01-23T16:10:07","guid":{"rendered":"https:\/\/photoboothaveiro.pt\/agd\/?post_type=product&#038;p=6756"},"modified":"2026-01-23T16:18:37","modified_gmt":"2026-01-23T16:18:37","slug":"audio-guest-book","status":"publish","type":"product","link":"https:\/\/photoboothaveiro.pt\/agd\/produto\/audio-guest-book\/","title":{"rendered":"Audio Guest Book"},"content":{"rendered":"<p>Mensagens especiais dos convidados<\/p>\n<p>Personaliza\u00e7\u00e3o da mensagem pr\u00e9-gravada<\/p>\n<p>Alternativa ou complemento ao livro de honra<\/p>\n<p>Enviado posteriormente os a\u00fadios&nbsp;<\/p>\n<p>&nbsp;<\/p>\n<p><a href=\"https:\/\/photoboothaveiro.pt\/agd\/guest-book\/\">+ Informa\u00e7\u00f5es<\/a><\/p>\n","protected":false},"excerpt":{"rendered":"<p>O audio guest book \u00e9 uma maneira encantadora e \u00fanica de capturar mensagens de voz dos convidados, adicionando um toque pessoal e memor\u00e1vel a qualquer celebra\u00e7\u00e3o.<\/p>\n<p>&nbsp;<\/p>\n<p><strong>Para mais informa\u00e7\u00f5es entre em contacto (photoboothaveiro@gmail.com)<\/strong><\/p>\n<p><strong>Indique a data e local\/zona do evento.<\/strong><\/p>\n[contact-form-7 id=\"6dab3e9\" title=\"Formul\u00e1rio de contacto\"]\n","protected":false},"featured_media":6757,"comment_status":"open","ping_status":"closed","template":"","meta":{"ngg_post_thumbnail":0,"_glsr_average":0,"_glsr_ranking":0,"_glsr_reviews":0},"product_brand":[],"product_cat":[21],"product_tag":[],"class_list":{"0":"post-6756","1":"product","2":"type-product","3":"status-publish","4":"has-post-thumbnail","6":"product_cat-sem-categoria","8":"first","9":"instock","10":"shipping-taxable","11":"product-type-simple","12":"czr-hentry"},"_links":{"self":[{"href":"https:\/\/photoboothaveiro.pt\/agd\/wp-json\/wp\/v2\/product\/6756","targetHints":{"allow":["GET"]}}],"collection":[{"href":"https:\/\/photoboothaveiro.pt\/agd\/wp-json\/wp\/v2\/product"}],"about":[{"href":"https:\/\/photoboothaveiro.pt\/agd\/wp-json\/wp\/v2\/types\/product"}],"replies":[{"embeddable":true,"href":"https:\/\/photoboothaveiro.pt\/agd\/wp-json\/wp\/v2\/comments?post=6756"}],"wp:featuredmedia":[{"embeddable":true,"href":"https:\/\/photoboothaveiro.pt\/agd\/wp-json\/wp\/v2\/media\/6757"}],"wp:attachment":[{"href":"https:\/\/photoboothaveiro.pt\/agd\/wp-json\/wp\/v2\/media?parent=6756"}],"wp:term":[{"taxonomy":"product_brand","embeddable":true,"href":"https:\/\/photoboothaveiro.pt\/agd\/wp-json\/wp\/v2\/product_brand?post=6756"},{"taxonomy":"product_cat","embeddable":true,"href":"https:\/\/photoboothaveiro.pt\/agd\/wp-json\/wp\/v2\/product_cat?post=6756"},{"taxonomy":"product_tag","embeddable":true,"href":"https:\/\/photoboothaveiro.pt\/agd\/wp-json\/wp\/v2\/product_tag?post=6756"}],"curies":[{"name":"wp","href":"https:\/\/api.w.org\/{rel}","templated":true}]}}