{"id":6758,"date":"2026-01-23T16:17:17","date_gmt":"2026-01-23T16:17:17","guid":{"rendered":"https:\/\/photoboothaveiro.pt\/agd\/?post_type=product&#038;p=6758"},"modified":"2026-01-23T16:17:17","modified_gmt":"2026-01-23T16:17:17","slug":"360o-booth","status":"publish","type":"product","link":"https:\/\/photoboothaveiro.pt\/agd\/produto\/360o-booth\/","title":{"rendered":"360\u00ba Booth"},"content":{"rendered":"<p>Este cont\u00e9m:<br \/>\nV\u00eddeos ilimitados durante o evento;<br \/>\nLayout do v\u00eddeo personalizado de acordo com o evento;<br \/>\nAdere\u00e7os;<br \/>\nEnvio posterior de todos os v\u00eddeos em formato digital;<br \/>\nAcompanhamento profissional.<\/p>\n<p>&nbsp;<\/p>\n<p><a href=\"https:\/\/photoboothaveiro.pt\/agd\/360o-booth\/\"><strong>+ Informa\u00e7\u00f5es<\/strong><\/a><\/p>\n","protected":false},"excerpt":{"rendered":"<p>Uma forma inovadora de eternizar momentos especiais, captando v\u00eddeos din\u00e2micos a 360 graus, totalmente personalizados para cada evento.<br \/>\nIdeal para casamentos, festas e eventos, criando recorda\u00e7\u00f5es \u00fanicas e conte\u00fados de forte impacto visual.<\/p>\n<p>&nbsp;<\/p>\n<p><strong>Para mais informa\u00e7\u00f5es entre em contacto (photoboothaveiro@gmail.com)<\/strong><\/p>\n<p><strong>Indique a data e local\/zona do evento.<\/strong><\/p>\n[contact-form-7 id=\"6dab3e9\" title=\"Formul\u00e1rio de contacto\"]\n","protected":false},"featured_media":6759,"comment_status":"open","ping_status":"closed","template":"","meta":{"ngg_post_thumbnail":0,"_glsr_average":0,"_glsr_ranking":0,"_glsr_reviews":0},"product_brand":[],"product_cat":[21],"product_tag":[],"class_list":{"0":"post-6758","1":"product","2":"type-product","3":"status-publish","4":"has-post-thumbnail","6":"product_cat-sem-categoria","8":"first","9":"instock","10":"shipping-taxable","11":"product-type-simple","12":"czr-hentry"},"_links":{"self":[{"href":"https:\/\/photoboothaveiro.pt\/agd\/wp-json\/wp\/v2\/product\/6758","targetHints":{"allow":["GET"]}}],"collection":[{"href":"https:\/\/photoboothaveiro.pt\/agd\/wp-json\/wp\/v2\/product"}],"about":[{"href":"https:\/\/photoboothaveiro.pt\/agd\/wp-json\/wp\/v2\/types\/product"}],"replies":[{"embeddable":true,"href":"https:\/\/photoboothaveiro.pt\/agd\/wp-json\/wp\/v2\/comments?post=6758"}],"wp:featuredmedia":[{"embeddable":true,"href":"https:\/\/photoboothaveiro.pt\/agd\/wp-json\/wp\/v2\/media\/6759"}],"wp:attachment":[{"href":"https:\/\/photoboothaveiro.pt\/agd\/wp-json\/wp\/v2\/media?parent=6758"}],"wp:term":[{"taxonomy":"product_brand","embeddable":true,"href":"https:\/\/photoboothaveiro.pt\/agd\/wp-json\/wp\/v2\/product_brand?post=6758"},{"taxonomy":"product_cat","embeddable":true,"href":"https:\/\/photoboothaveiro.pt\/agd\/wp-json\/wp\/v2\/product_cat?post=6758"},{"taxonomy":"product_tag","embeddable":true,"href":"https:\/\/photoboothaveiro.pt\/agd\/wp-json\/wp\/v2\/product_tag?post=6758"}],"curies":[{"name":"wp","href":"https:\/\/api.w.org\/{rel}","templated":true}]}}